{"id":71,"date":"2021-08-18T23:45:46","date_gmt":"2021-08-18T23:45:46","guid":{"rendered":"https:\/\/impresistemas.com\/?page_id=71"},"modified":"2023-04-04T18:55:57","modified_gmt":"2023-04-04T18:55:57","slug":"genericos","status":"publish","type":"page","link":"https:\/\/impresistemas.com\/?page_id=71","title":{"rendered":"Gen\u00e9ricos"},"content":{"rendered":"<p>[et_pb_section fb_built=\u00bb1&#8243; _builder_version=\u00bb4.9.11&#8243; _module_preset=\u00bbdefault\u00bb custom_padding=\u00bb2px||3px|||\u00bb global_colors_info=\u00bb{}\u00bb][et_pb_row _builder_version=\u00bb4.10.5&#8243; _module_preset=\u00bbdefault\u00bb min_height=\u00bb63px\u00bb custom_margin=\u00bb|auto|0px|auto||\u00bb custom_padding=\u00bb0px||1px|||\u00bb global_colors_info=\u00bb{}\u00bb][et_pb_column type=\u00bb4_4&#8243; _builder_version=\u00bb4.9.11&#8243; _module_preset=\u00bbdefault\u00bb global_colors_info=\u00bb{}\u00bb][et_pb_text _builder_version=\u00bb4.10.5&#8243; text_font=\u00bb||||||||\u00bb text_font_size=\u00bb18px\u00bb text_line_height=\u00bb1.8em\u00bb header_font=\u00bb||||||||\u00bb header_text_color=\u00bb#969696&#8243; header_font_size=\u00bb19px\u00bb header_2_font=\u00bbMontserrat|700|||||||\u00bb header_2_text_color=\u00bb#969696&#8243; header_4_font_size=\u00bb13px\u00bb text_orientation=\u00bbcenter\u00bb max_width=\u00bb700px\u00bb module_alignment=\u00bbcenter\u00bb custom_margin=\u00bb13px|||0px|false|false\u00bb custom_padding=\u00bb|||0px|false|false\u00bb header_2_font_size_tablet=\u00bb38px\u00bb header_2_font_size_phone=\u00bb28px\u00bb header_2_font_size_last_edited=\u00bbon|phone\u00bb global_colors_info=\u00bb{}\u00bb]<\/p>\n<h2 class=\"et_pb_module_header\" style=\"text-align: center;\"><span style=\"font-family: Harmattan; font-weight: normal;\"><strong><span style=\"color: #808080;\" data-darkreader-inline-color=\"\">Bogot\u00e1. <\/span><\/strong><strong><span style=\"color: #808080;\" data-darkreader-inline-color=\"\">CC Multicompras. <\/span><\/strong><strong><span style=\"color: #808080;\" data-darkreader-inline-color=\"\">Cra. 13 # 64 &#8211; 67 Local 102<\/span><\/strong><\/span><\/h2>\n<h2 class=\"et_pb_module_header\" style=\"text-align: center;\"><span style=\"font-family: Harmattan; font-weight: normal;\"><strong style=\"font-size: 26px;\"><span style=\"color: #808080;\" data-darkreader-inline-color=\"\">Contactenos al +601 <\/span><\/strong><\/span><span style=\"font-family: Harmattan; font-weight: normal;\"><strong style=\"font-size: 26px;\"><span style=\"color: #808080;\" data-darkreader-inline-color=\"\">5355078 <\/span><\/strong><\/span><strong style=\"font-family: Harmattan; font-size: 26px;\"><span style=\"color: #808080;\" data-darkreader-inline-color=\"\">o a +57 312 4023160 &#8211; +57 310 8195871<\/span><\/strong><\/h2>\n<h2 class=\"et_pb_module_header\" style=\"text-align: center;\"><span style=\"font-family: Harmattan; font-weight: normal;\"><strong style=\"font-size: 26px;\"><span style=\"color: #808080;\" data-darkreader-inline-color=\"\">ventas@impresistemas.com<\/span><\/strong><\/span><\/h2>\n<p>[\/et_pb_text][\/et_pb_column][\/et_pb_row][\/et_pb_section][et_pb_section fb_built=\u00bb1&#8243; disabled_on=\u00bboff|off|off\u00bb admin_label=\u00bbHeader\u00bb _builder_version=\u00bb4.10.5&#8243; background_color=\u00bb#00b792&#8243; background_image=\u00bbhttp:\/\/impresistemas.com\/wp-content\/uploads\/2021\/08\/transportation-services-18.png\u00bb background_size=\u00bbinitial\u00bb background_position=\u00bbbottom_left\u00bb background_blend=\u00bbmultiply\u00bb custom_margin=\u00bb7px|||||\u00bb global_colors_info=\u00bb{}\u00bb][et_pb_row _builder_version=\u00bb3.25&#8243; global_colors_info=\u00bb{}\u00bb][et_pb_column type=\u00bb4_4&#8243; _builder_version=\u00bb3.25&#8243; custom_padding=\u00bb|||\u00bb global_colors_info=\u00bb{}\u00bb custom_padding__hover=\u00bb|||\u00bb][et_pb_text ul_type=\u00bbcircle\u00bb _builder_version=\u00bb4.10.5&#8243; text_font=\u00bb||||||||\u00bb text_text_color=\u00bb#FFFFFF\u00bb text_font_size=\u00bb18px\u00bb text_line_height=\u00bb2em\u00bb ul_font=\u00bb||||||||\u00bb ul_font_size=\u00bb18px\u00bb ul_line_height=\u00bb2em\u00bb header_font=\u00bbMontserrat|700|||||||\u00bb header_text_color=\u00bb#FFFFFF\u00bb header_font_size=\u00bb50px\u00bb header_line_height=\u00bb1.2em\u00bb transform_translate=\u00bb0px|-57px\u00bb transform_translate_linked=\u00bboff\u00bb text_orientation=\u00bbcenter\u00bb background_layout=\u00bbdark\u00bb custom_padding=\u00bb||0px|||\u00bb header_font_size_tablet=\u00bb40px\u00bb header_font_size_phone=\u00bb28px\u00bb header_font_size_last_edited=\u00bbon|phone\u00bb global_colors_info=\u00bb{}\u00bb]<\/p>\n<h1>Gen\u00e9ricos<\/h1>\n<p>Suministros gen\u00e9ricos para impresoras 100% garantizados.<\/p>\n<p>[\/et_pb_text][\/et_pb_column][\/et_pb_row][\/et_pb_section][et_pb_section fb_built=\u00bb1&#8243; admin_label=\u00bbAbout us\u00bb _builder_version=\u00bb3.22&#8243; min_height=\u00bb458.3px\u00bb custom_margin=\u00bb-109px|||||\u00bb custom_padding=\u00bb||29px|||\u00bb global_colors_info=\u00bb{}\u00bb][et_pb_row column_structure=\u00bb1_2,1_2&#8243; _builder_version=\u00bb3.25&#8243; global_colors_info=\u00bb{}\u00bb][et_pb_column type=\u00bb1_2&#8243; _builder_version=\u00bb3.25&#8243; custom_padding=\u00bb|||\u00bb global_colors_info=\u00bb{}\u00bb custom_padding__hover=\u00bb|||\u00bb][et_pb_text _builder_version=\u00bb4.9.11&#8243; text_font=\u00bb||||||||\u00bb text_font_size=\u00bb16px\u00bb text_line_height=\u00bb2em\u00bb header_font=\u00bb||||||||\u00bb header_2_font=\u00bbMontserrat|700|||||||\u00bb header_2_font_size=\u00bb36px\u00bb header_2_line_height=\u00bb1.4em\u00bb max_width=\u00bb700px\u00bb module_alignment=\u00bbcenter\u00bb custom_margin=\u00bb39px|||||\u00bb header_2_font_size_tablet=\u00bb26px\u00bb header_2_font_size_phone=\u00bb20px\u00bb header_2_font_size_last_edited=\u00bbon|phone\u00bb locked=\u00bboff\u00bb global_colors_info=\u00bb{}\u00bb]<\/p>\n<h2>La mejor relaci\u00f3n costo beneficio<\/h2>\n<p>[\/et_pb_text][\/et_pb_column][et_pb_column type=\u00bb1_2&#8243; _builder_version=\u00bb3.25&#8243; custom_padding=\u00bb|||\u00bb global_colors_info=\u00bb{}\u00bb custom_padding__hover=\u00bb|||\u00bb][et_pb_image src=\u00bbhttp:\/\/impresistemas.com\/wp-content\/uploads\/2022\/03\/cajaimpresistemas2.jpg\u00bb title_text=\u00bbcajaimpresistemas2&#8243; _builder_version=\u00bb4.10.5&#8243; _module_preset=\u00bbdefault\u00bb width=\u00bb70%\u00bb module_alignment=\u00bbcenter\u00bb global_colors_info=\u00bb{}\u00bb][\/et_pb_image][\/et_pb_column][\/et_pb_row][\/et_pb_section][et_pb_section fb_built=\u00bb1&#8243; _builder_version=\u00bb4.9.11&#8243; custom_margin=\u00bb-164px|||||\u00bb custom_padding=\u00bb0px|0px|101px|0px|false|false\u00bb global_colors_info=\u00bb{}\u00bb][et_pb_row disabled_on=\u00bboff|off|off\u00bb _builder_version=\u00bb4.10.5&#8243; locked=\u00bboff\u00bb global_colors_info=\u00bb{}\u00bb][et_pb_column type=\u00bb4_4&#8243; _builder_version=\u00bb4.10.5&#8243; custom_padding=\u00bb|||\u00bb global_colors_info=\u00bb{}\u00bb custom_padding__hover=\u00bb|||\u00bb][et_pb_tabs active_tab_background_color=\u00bb#00b792&#8243; inactive_tab_background_color=\u00bbrgba(0,0,0,0.2)\u00bb _builder_version=\u00bb4.10.5&#8243; tab_text_color=\u00bb#f7f7f7&#8243; body_font=\u00bb||||||||\u00bb body_font_size=\u00bb16px\u00bb body_line_height=\u00bb2em\u00bb tab_font=\u00bbMontserrat|700|||||||\u00bb tab_font_size=\u00bb16px\u00bb tab_line_height=\u00bb49.8px\u00bb background_color=\u00bbrgba(255,255,255,0)\u00bb custom_margin=\u00bb|||\u00bb custom_padding=\u00bb40px|0px|40px|0px|true|true\u00bb custom_css_tab=\u00bbborder: none;\u00bb border_width_all=\u00bb0px\u00bb global_colors_info=\u00bb{}\u00bb][et_pb_tab title=\u00bb\u00bfQu\u00e9 es el t\u00f3ner compatible?\u00bb _builder_version=\u00bb4.10.5&#8243; body_text_color=\u00bb#000000&#8243; tab_text_color=\u00bb#000000&#8243; background_color=\u00bbRGBA(0,0,0,0)\u00bb background_enable_color=\u00bbon\u00bb global_colors_info=\u00bb{}\u00bb]<\/p>\n<p><span>El t\u00f3ner compatible o gen\u00e9rico se trata de cartuchos de t\u00f3ner nuevos pero fabricados por compa\u00f1\u00edas diferentes del fabricante original. Se fabrican con la m\u00e1s alta calidad de acuerdo con las normas ISO, incluida la ISO 19001 que rige la calidad y la ISO 19752\/19798 para el rendimiento de p\u00e1gina, lo que significa que son de la calidad equivalente a los cartuchos original.<\/span><\/p>\n<p>[\/et_pb_tab][et_pb_tab title=\u00bbCosto m\u00e1s bajo\u00bb _builder_version=\u00bb4.10.5&#8243; body_text_color=\u00bb#000000&#8243; tab_text_color=\u00bb#000000&#8243; global_colors_info=\u00bb{}\u00bb]<\/p>\n<p><span>Muchos fabricantes subsidian el costo de cada m\u00e1quina recuperando el beneficio a trav\u00e9s del precio de su t\u00f3ner original original. Al cambiar a t\u00f3ner compatible, podr\u00eda ahorrar un 50% de sus costos de impresi\u00f3n actuales. Esto se debe a que el 80% de todos los costos de impresi\u00f3n provienen de consumibles, es decir, t\u00f3ner.<\/span><\/p>\n<p>[\/et_pb_tab][et_pb_tab title=\u00bbCalidad y Tiempo\u00bb _builder_version=\u00bb4.10.5&#8243; tab_text_color=\u00bb#000000&#8243; global_colors_info=\u00bb{}\u00bb]<\/p>\n<p><span>En casi todos los casos, no notar\u00e1 ning\u00fan perjuicio en la calidad o capacidad del color de impresi\u00f3n. El t\u00f3ner contable de TonerXperts proporciona el mismo rendimiento y calidad que el t\u00f3ner original. Por lo tanto, para los requisitos generales de impresi\u00f3n de documentos, el t\u00f3ner compatible es la mejor opci\u00f3n.<\/span><\/p>\n<p><span>Cada cartucho de t\u00f3ner compatible que vendemos imprime al menos el mismo n\u00famero de p\u00e1ginas que el producto original equivalente.<\/span><\/p>\n<p>[\/et_pb_tab][\/et_pb_tabs][\/et_pb_column][\/et_pb_row][et_pb_row disabled_on=\u00bboff|off|off\u00bb _builder_version=\u00bb4.9.11&#8243; _module_preset=\u00bbdefault\u00bb global_colors_info=\u00bb{}\u00bb][et_pb_column type=\u00bb4_4&#8243; _builder_version=\u00bb4.9.11&#8243; _module_preset=\u00bbdefault\u00bb global_colors_info=\u00bb{}\u00bb][et_pb_shop type=\u00bbproduct_category\u00bb posts_number=\u00bb100&#8243; include_categories=\u00bb29&#8243; orderby=\u00bbmenu_order\u00bb _builder_version=\u00bb4.10.5&#8243; _module_preset=\u00bbdefault\u00bb title_font=\u00bb|700||on|||||\u00bb title_text_align=\u00bbcenter\u00bb global_colors_info=\u00bb{}\u00bb][\/et_pb_shop][\/et_pb_column][\/et_pb_row][\/et_pb_section]<\/p>\n","protected":false},"excerpt":{"rendered":"<p>Bogot\u00e1. CC Multicompras. Cra. 13 # 64 &#8211; 67 Local 102 Contactenos al +601 5355078 o a +57 312 4023160 &#8211; +57 310 8195871 ventas@impresistemas.comGen\u00e9ricos Suministros gen\u00e9ricos para impresoras 100% garantizados.La mejor relaci\u00f3n costo beneficioEl t\u00f3ner compatible o gen\u00e9rico se trata de cartuchos de t\u00f3ner nuevos pero fabricados por compa\u00f1\u00edas diferentes del fabricante original. Se [&hellip;]<\/p>\n","protected":false},"author":1,"featured_media":0,"parent":0,"menu_order":0,"comment_status":"closed","ping_status":"closed","template":"","meta":{"_et_pb_use_builder":"on","_et_pb_old_content":"<!-- wp:divi\/placeholder \/-->","_et_gb_content_width":"","_joinchat":[],"footnotes":""},"class_list":["post-71","page","type-page","status-publish","hentry"],"aioseo_notices":[],"_links":{"self":[{"href":"https:\/\/impresistemas.com\/index.php?rest_route=\/wp\/v2\/pages\/71","targetHints":{"allow":["GET"]}}],"collection":[{"href":"https:\/\/impresistemas.com\/index.php?rest_route=\/wp\/v2\/pages"}],"about":[{"href":"https:\/\/impresistemas.com\/index.php?rest_route=\/wp\/v2\/types\/page"}],"author":[{"embeddable":true,"href":"https:\/\/impresistemas.com\/index.php?rest_route=\/wp\/v2\/users\/1"}],"replies":[{"embeddable":true,"href":"https:\/\/impresistemas.com\/index.php?rest_route=%2Fwp%2Fv2%2Fcomments&post=71"}],"version-history":[{"count":26,"href":"https:\/\/impresistemas.com\/index.php?rest_route=\/wp\/v2\/pages\/71\/revisions"}],"predecessor-version":[{"id":955,"href":"https:\/\/impresistemas.com\/index.php?rest_route=\/wp\/v2\/pages\/71\/revisions\/955"}],"wp:attachment":[{"href":"https:\/\/impresistemas.com\/index.php?rest_route=%2Fwp%2Fv2%2Fmedia&parent=71"}],"curies":[{"name":"wp","href":"https:\/\/api.w.org\/{rel}","templated":true}]}}