{"id":69,"date":"2021-08-18T23:45:08","date_gmt":"2021-08-18T23:45:08","guid":{"rendered":"https:\/\/impresistemas.com\/?page_id=69"},"modified":"2023-04-04T18:56:38","modified_gmt":"2023-04-04T18:56:38","slug":"originales","status":"publish","type":"page","link":"https:\/\/impresistemas.com\/?page_id=69","title":{"rendered":"Originales"},"content":{"rendered":"<p>[et_pb_section fb_built=\u00bb1&#8243; _builder_version=\u00bb4.9.11&#8243; _module_preset=\u00bbdefault\u00bb min_height=\u00bb1273.7px\u00bb custom_padding=\u00bb0px||3px|||\u00bb global_colors_info=\u00bb{}\u00bb][et_pb_row _builder_version=\u00bb4.9.11&#8243; _module_preset=\u00bbdefault\u00bb custom_margin=\u00bb|auto|0px|auto||\u00bb custom_padding=\u00bb0px||1px|||\u00bb global_colors_info=\u00bb{}\u00bb][et_pb_column type=\u00bb4_4&#8243; _builder_version=\u00bb4.9.11&#8243; _module_preset=\u00bbdefault\u00bb global_colors_info=\u00bb{}\u00bb][et_pb_text _builder_version=\u00bb4.10.5&#8243; text_font=\u00bb|600|||||||\u00bb text_font_size=\u00bb1px\u00bb text_line_height=\u00bb1em\u00bb header_font=\u00bb||||||||\u00bb header_text_color=\u00bb#969696&#8243; header_font_size=\u00bb13px\u00bb header_2_font=\u00bbMontserrat|700|||||||\u00bb header_2_text_color=\u00bb#969696&#8243; header_4_font_size=\u00bb13px\u00bb text_orientation=\u00bbcenter\u00bb max_width=\u00bb700px\u00bb module_alignment=\u00bbcenter\u00bb min_height=\u00bb100px\u00bb custom_margin=\u00bb|-309px|-61px|0px|false|false\u00bb custom_padding=\u00bb0px|||0px|false|false\u00bb header_2_font_size_tablet=\u00bb38px\u00bb header_2_font_size_phone=\u00bb28px\u00bb header_2_font_size_last_edited=\u00bbon|phone\u00bb global_module=\u00bb535&#8243; saved_tabs=\u00bball\u00bb global_colors_info=\u00bb{}\u00bb]<\/p>\n<h2 class=\"et_pb_module_header\" style=\"text-align: center;\"><strong style=\"font-size: 26px; font-family: Harmattan;\"><span style=\"color: #808080;\" data-darkreader-inline-color=\"\"><\/span><\/strong><\/h2>\n<h2 class=\"et_pb_module_header\" style=\"text-align: center;\"><strong style=\"font-size: 26px; font-family: Harmattan;\"><span style=\"color: #808080;\" data-darkreader-inline-color=\"\"><\/span><\/strong><\/h2>\n<h2 class=\"et_pb_module_header\" style=\"text-align: center;\"><strong style=\"font-size: 26px; font-family: Harmattan;\"><span style=\"color: #808080;\" data-darkreader-inline-color=\"\">Bogot\u00e1. <\/span><\/strong><strong style=\"font-size: 26px; font-family: Harmattan;\"><span style=\"color: #808080;\" data-darkreader-inline-color=\"\">CC Multicompras. <\/span><\/strong><strong style=\"font-size: 26px; font-family: Harmattan;\"><span style=\"color: #808080;\" data-darkreader-inline-color=\"\">Cra. 13 # 64 &#8211; 67 Local 102<\/span><\/strong><\/h2>\n<h2 class=\"et_pb_module_header\" style=\"text-align: center;\"><span style=\"font-family: Harmattan; font-weight: normal;\"><strong style=\"font-size: 26px;\"><span style=\"color: #808080;\" data-darkreader-inline-color=\"\">Contactenos al +601 <\/span><\/strong><\/span><span style=\"font-family: Harmattan; font-weight: normal;\"><strong style=\"font-size: 26px;\"><span style=\"color: #808080;\" data-darkreader-inline-color=\"\">5355078 <\/span><\/strong><\/span><strong style=\"font-family: Harmattan; font-size: 26px;\"><span style=\"color: #808080;\" data-darkreader-inline-color=\"\">o a +57 312 4023160 &#8211; +57 310 8195871<\/span><\/strong><\/h2>\n<h2 class=\"et_pb_module_header\" style=\"text-align: center;\"><span style=\"font-family: Harmattan; font-weight: normal;\"><strong style=\"font-size: 26px;\"><span style=\"color: #808080;\" data-darkreader-inline-color=\"\">ventas@impresistemas.com<\/span><\/strong><\/span><\/h2>\n<p><span style=\"font-family: Harmattan; font-weight: normal;\"><strong style=\"font-size: 26px;\"><span style=\"color: #808080;\" data-darkreader-inline-color=\"\"><\/span><\/strong><\/span><\/p>\n<div id=\"gtx-trans\" style=\"position: absolute; left: 249px; top: -3.09375px;\">\n<div class=\"gtx-trans-icon\"><\/div>\n<\/div>\n<p>[\/et_pb_text][\/et_pb_column][\/et_pb_row][\/et_pb_section][et_pb_section fb_built=\u00bb1&#8243; disabled_on=\u00bboff|off|off\u00bb admin_label=\u00bbHeader\u00bb _builder_version=\u00bb4.9.11&#8243; background_color=\u00bb#E50C7E\u00bb background_image=\u00bbhttp:\/\/impresistemas.com\/wp-content\/uploads\/2021\/08\/transportation-services-18.png\u00bb background_size=\u00bbinitial\u00bb background_position=\u00bbbottom_left\u00bb background_blend=\u00bbmultiply\u00bb min_height=\u00bb662px\u00bb custom_margin=\u00bb-1128px|||||\u00bb custom_padding=\u00bb0px|||||\u00bb global_colors_info=\u00bb{}\u00bb][et_pb_row _builder_version=\u00bb3.25&#8243; global_colors_info=\u00bb{}\u00bb][et_pb_column type=\u00bb4_4&#8243; _builder_version=\u00bb3.25&#8243; custom_padding=\u00bb|||\u00bb global_colors_info=\u00bb{}\u00bb custom_padding__hover=\u00bb|||\u00bb][et_pb_text ul_type=\u00bbcircle\u00bb _builder_version=\u00bb4.9.11&#8243; text_font=\u00bb||||||||\u00bb text_font_size=\u00bb18px\u00bb text_line_height=\u00bb2em\u00bb ul_font=\u00bb||||||||\u00bb ul_font_size=\u00bb18px\u00bb ul_line_height=\u00bb2em\u00bb header_font=\u00bbMontserrat|700|||||||\u00bb header_font_size=\u00bb50px\u00bb header_line_height=\u00bb1.2em\u00bb text_orientation=\u00bbcenter\u00bb background_layout=\u00bbdark\u00bb header_font_size_tablet=\u00bb40px\u00bb header_font_size_phone=\u00bb28px\u00bb header_font_size_last_edited=\u00bbon|phone\u00bb global_colors_info=\u00bb{}\u00bb]<\/p>\n<h1>Originales<\/h1>\n<p>Suministros para impresoras 100% originales.[\/et_pb_text][\/et_pb_column][\/et_pb_row][\/et_pb_section][et_pb_section fb_built=\u00bb1&#8243; admin_label=\u00bbAbout us\u00bb _builder_version=\u00bb3.22&#8243; custom_margin=\u00bb-503px|||||\u00bb custom_padding=\u00bb0px||29px|||\u00bb global_colors_info=\u00bb{}\u00bb][et_pb_row column_structure=\u00bb1_2,1_2&#8243; _builder_version=\u00bb3.25&#8243; custom_padding=\u00bb6px|||||\u00bb global_colors_info=\u00bb{}\u00bb][et_pb_column type=\u00bb1_2&#8243; _builder_version=\u00bb3.25&#8243; custom_padding=\u00bb|||\u00bb global_colors_info=\u00bb{}\u00bb custom_padding__hover=\u00bb|||\u00bb][et_pb_text _builder_version=\u00bb4.9.11&#8243; text_font=\u00bb||||||||\u00bb text_font_size=\u00bb16px\u00bb text_line_height=\u00bb2em\u00bb header_font=\u00bb||||||||\u00bb header_2_font=\u00bbMontserrat|700|||||||\u00bb header_2_font_size=\u00bb36px\u00bb header_2_line_height=\u00bb1.4em\u00bb max_width=\u00bb700px\u00bb module_alignment=\u00bbcenter\u00bb custom_margin=\u00bb86px|||||\u00bb header_2_font_size_tablet=\u00bb26px\u00bb header_2_font_size_phone=\u00bb20px\u00bb header_2_font_size_last_edited=\u00bbon|phone\u00bb locked=\u00bboff\u00bb global_colors_info=\u00bb{}\u00bb]<\/p>\n<h2>Obtenga la mejor calidad hasta la \u00faltima hoja<\/h2>\n<p>[\/et_pb_text][\/et_pb_column][et_pb_column type=\u00bb1_2&#8243; _builder_version=\u00bb3.25&#8243; custom_padding=\u00bb|||\u00bb global_colors_info=\u00bb{}\u00bb custom_padding__hover=\u00bb|||\u00bb][et_pb_image src=\u00bbhttp:\/\/impresistemas.com\/wp-content\/uploads\/2021\/08\/Toner-Samsung-MLT-D111S.jpg\u00bb title_text=\u00bbToner-Samsung-MLT-D111S\u00bb _builder_version=\u00bb4.9.11&#8243; _module_preset=\u00bbdefault\u00bb width=\u00bb70%\u00bb module_alignment=\u00bbcenter\u00bb custom_padding=\u00bb0px|||||\u00bb global_colors_info=\u00bb{}\u00bb][\/et_pb_image][\/et_pb_column][\/et_pb_row][et_pb_row disabled_on=\u00bboff|off|off\u00bb _builder_version=\u00bb4.9.11&#8243; min_height=\u00bb477.8px\u00bb custom_padding=\u00bb4px|||||\u00bb locked=\u00bboff\u00bb global_colors_info=\u00bb{}\u00bb][et_pb_column type=\u00bb4_4&#8243; _builder_version=\u00bb3.25&#8243; custom_padding=\u00bb|||\u00bb global_colors_info=\u00bb{}\u00bb custom_padding__hover=\u00bb|||\u00bb][et_pb_tabs active_tab_background_color=\u00bb#E50C7E\u00bb inactive_tab_background_color=\u00bbrgba(0,0,0,0.2)\u00bb _builder_version=\u00bb4.10.5&#8243; tab_text_color=\u00bb#f7f7f7&#8243; body_font=\u00bb||||||||\u00bb body_font_size=\u00bb16px\u00bb body_line_height=\u00bb2em\u00bb tab_font=\u00bbMontserrat|700|||||||\u00bb tab_font_size=\u00bb16px\u00bb tab_line_height=\u00bb49.8px\u00bb background_color=\u00bbrgba(255,255,255,0)\u00bb transform_translate=\u00bb0px|-50px\u00bb transform_translate_linked=\u00bboff\u00bb custom_margin=\u00bb|||\u00bb custom_padding=\u00bb40px|0px|40px|0px|true|true\u00bb custom_css_tab=\u00bbborder: none;\u00bb border_width_all=\u00bb0px\u00bb global_colors_info=\u00bb{}\u00bb][et_pb_tab title=\u00bbRespaldo de la marca\u00bb _builder_version=\u00bb4.9.11&#8243; global_colors_info=\u00bb{}\u00bb]<\/p>\n<p><span>La primera ventaja de un cartucho de t\u00f3ner original es que cuenta con la garant\u00eda de calidad del fabricante del mismo. Adem\u00e1s, las impresoras presentan configuraciones especiales que s\u00f3lo el fabricante y proveedor de los consumibles originales pueden igualar, por lo que no existen riesgos de que el cartucho no resulte compatible con el equipo.<\/span><\/p>\n<p>[\/et_pb_tab][et_pb_tab title=\u00bbConfiabilidad\u00bb _builder_version=\u00bb4.9.11&#8243; global_colors_info=\u00bb{}\u00bb]<\/p>\n<p><span>La segunda ventaja de adquirir cartuchos de t\u00f3ner originales es que permiten aprovechar al m\u00e1ximo el consumible. Desde el momento en que arroja el primer trabajo de impresi\u00f3n hasta el \u00faltimo, mantendr\u00e1 una buena calidad de impresi\u00f3n<\/span><\/p>\n<p>[\/et_pb_tab][et_pb_tab title=\u00bbDistribuidores autorizados\u00bb _builder_version=\u00bb4.9.11&#8243; global_colors_info=\u00bb{}\u00bb]<\/p>\n<p>Somos distribuidores de las mejores marcas, hacemos parte de su red de distribuci\u00f3n y acercamos productos originales a nuestros clientes.<\/p>\n<p>[\/et_pb_tab][\/et_pb_tabs][et_pb_shop type=\u00bbproduct_category\u00bb posts_number=\u00bb200&#8243; include_categories=\u00bb20&#8243; _builder_version=\u00bb4.10.5&#8243; _module_preset=\u00bbdefault\u00bb title_font=\u00bb|700||on|||||\u00bb title_text_align=\u00bbcenter\u00bb title_text_color=\u00bb#000000&#8243; custom_margin=\u00bb-102px|||||\u00bb global_colors_info=\u00bb{}\u00bb][\/et_pb_shop][\/et_pb_column][\/et_pb_row][\/et_pb_section]<\/p>\n","protected":false},"excerpt":{"rendered":"<p>Bogot\u00e1. CC Multicompras. Cra. 13 # 64 &#8211; 67 Local 102 Contactenos al +601 5355078 o a +57 312 4023160 &#8211; +57 310 8195871 ventas@impresistemas.com Originales Suministros para impresoras 100% originales.Obtenga la mejor calidad hasta la \u00faltima hojaLa primera ventaja de un cartucho de t\u00f3ner original es que cuenta con la garant\u00eda de calidad del [&hellip;]<\/p>\n","protected":false},"author":1,"featured_media":0,"parent":0,"menu_order":0,"comment_status":"closed","ping_status":"closed","template":"","meta":{"_et_pb_use_builder":"on","_et_pb_old_content":"","_et_gb_content_width":"","_joinchat":[],"footnotes":""},"class_list":["post-69","page","type-page","status-publish","hentry"],"aioseo_notices":[],"_links":{"self":[{"href":"https:\/\/impresistemas.com\/index.php?rest_route=\/wp\/v2\/pages\/69","targetHints":{"allow":["GET"]}}],"collection":[{"href":"https:\/\/impresistemas.com\/index.php?rest_route=\/wp\/v2\/pages"}],"about":[{"href":"https:\/\/impresistemas.com\/index.php?rest_route=\/wp\/v2\/types\/page"}],"author":[{"embeddable":true,"href":"https:\/\/impresistemas.com\/index.php?rest_route=\/wp\/v2\/users\/1"}],"replies":[{"embeddable":true,"href":"https:\/\/impresistemas.com\/index.php?rest_route=%2Fwp%2Fv2%2Fcomments&post=69"}],"version-history":[{"count":30,"href":"https:\/\/impresistemas.com\/index.php?rest_route=\/wp\/v2\/pages\/69\/revisions"}],"predecessor-version":[{"id":958,"href":"https:\/\/impresistemas.com\/index.php?rest_route=\/wp\/v2\/pages\/69\/revisions\/958"}],"wp:attachment":[{"href":"https:\/\/impresistemas.com\/index.php?rest_route=%2Fwp%2Fv2%2Fmedia&parent=69"}],"curies":[{"name":"wp","href":"https:\/\/api.w.org\/{rel}","templated":true}]}}